{"id":11668,"date":"2024-10-07T09:20:15","date_gmt":"2024-10-07T08:20:15","guid":{"rendered":"https:\/\/salutesviluppo.org\/400-anos-de-actividad-camiliana-en-el-mundo\/"},"modified":"2024-10-07T09:20:15","modified_gmt":"2024-10-07T08:20:15","slug":"400-anos-de-actividad-camiliana-en-el-mundo","status":"publish","type":"page","link":"https:\/\/salutesviluppo.org\/es\/400-anos-de-actividad-camiliana-en-el-mundo\/","title":{"rendered":"400 a\u00f1os de actividad camiliana en el mundo"},"content":{"rendered":"<p><strong>Presencia<\/strong><\/p>\n<p>Este volumen se publica con motivo del a\u00f1o jubilar en el que la Orden de los Ministros de los Enfermos (Camilos) celebra el 400 aniversario de la muerte de San Camilo de Lellis, fundador de la Orden y benem\u00e9rito de la humanidad, a trav\u00e9s de una \u00abescuela de caridad\u00bb que actualmente opera en m\u00e1s de 50 pa\u00edses de todo el mundo.<\/p>\n<p>La experiencia de cuatro siglos de servicio nos ha sido transmitida en escritos, testimonios y declaraciones de la sociedad civil y eclesi\u00e1stica. Desde la segunda mitad del siglo XIX, el material fotogr\u00e1fico tambi\u00e9n ha contribuido a fijar instant\u00e1neas de la vida ordinaria, del ministerio activo, de la vida fraterna. A trav\u00e9s de formas y c\u00e1nones fotogr\u00e1ficos cambiantes, el amplio material fotogr\u00e1fico recogido en los archivos de la Orden tiene el m\u00e9rito de indicar influencias y modas y, sobre todo, de dar testimonio de la vida de los miembros de la Orden. En su ferialidad y en las grandes ocasiones; en el trabajo cotidiano y en la fiesta alegre; en el silencio de la oraci\u00f3n y en la algarab\u00eda l\u00fadica.   <\/p>\n<p><a class=\"uk-button uk-button-primary\" target=\"_blank\" uk-icon=\"icon: download\" href=\"\/wp-content\/uploads\/2024\/10\/PRESENCE.pdf\" rel=\"noopener\">Descarga el PDF<\/a><\/p>\n","protected":false},"excerpt":{"rendered":"<p>Presencia Este volumen se publica con motivo del a\u00f1o jubilar en el que la Orden de los Ministros de los Enfermos (Camilos) celebra el 400 aniversario de la muerte de San Camilo de Lellis, fundador de la Orden y benem\u00e9rito de la humanidad, a trav\u00e9s de una \u00abescuela de caridad\u00bb que actualmente opera en m\u00e1s [&hellip;]<\/p>\n","protected":false},"author":1,"featured_media":11444,"parent":0,"menu_order":0,"comment_status":"closed","ping_status":"closed","template":"","meta":{"_acf_changed":false,"footnotes":""},"class_list":["post-11668","page","type-page","status-publish","has-post-thumbnail","hentry"],"acf":[],"jetpack_sharing_enabled":true,"_links":{"self":[{"href":"https:\/\/salutesviluppo.org\/es\/wp-json\/wp\/v2\/pages\/11668","targetHints":{"allow":["GET"]}}],"collection":[{"href":"https:\/\/salutesviluppo.org\/es\/wp-json\/wp\/v2\/pages"}],"about":[{"href":"https:\/\/salutesviluppo.org\/es\/wp-json\/wp\/v2\/types\/page"}],"author":[{"embeddable":true,"href":"https:\/\/salutesviluppo.org\/es\/wp-json\/wp\/v2\/users\/1"}],"replies":[{"embeddable":true,"href":"https:\/\/salutesviluppo.org\/es\/wp-json\/wp\/v2\/comments?post=11668"}],"version-history":[{"count":0,"href":"https:\/\/salutesviluppo.org\/es\/wp-json\/wp\/v2\/pages\/11668\/revisions"}],"wp:featuredmedia":[{"embeddable":true,"href":"https:\/\/salutesviluppo.org\/es\/wp-json\/wp\/v2\/media\/11444"}],"wp:attachment":[{"href":"https:\/\/salutesviluppo.org\/es\/wp-json\/wp\/v2\/media?parent=11668"}],"curies":[{"name":"wp","href":"https:\/\/api.w.org\/{rel}","templated":true}]}}