{"id":6372,"date":"2014-05-07T14:03:57","date_gmt":"2014-05-07T13:03:57","guid":{"rendered":"https:\/\/www.salutesviluppo.org\/areas-de-intervencion\/"},"modified":"2025-04-22T13:25:57","modified_gmt":"2025-04-22T12:25:57","slug":"areas-de-intervencion-2","status":"publish","type":"page","link":"https:\/\/salutesviluppo.org\/es\/areas-de-intervencion-2\/","title":{"rendered":"\u00c1reas de intervenci\u00f3n"},"content":{"rendered":"<h3>Proyectos de cooperaci\u00f3n al desarrollo<\/h3>\n<p style=\"text-align: justify;\">Salud y Desarrollo lleva a cabo proyectos de cooperaci\u00f3n en pa\u00edses en v\u00edas de desarrollo, principalmente en el \u00e1mbito sociosanitario, pero tambi\u00e9n en el socioecon\u00f3mico, educativo y agr\u00edcola. Todas las intervenciones garantizan su propia sostenibilidad y se caracterizan por un enfoque eminentemente educativo. <\/p>\n<h3>Fomentar el voluntariado internacional<\/h3>\n<p style=\"text-align: justify;\">Salute e Sviluppo selecciona, forma y env\u00eda voluntarios a misiones y proyectos en pa\u00edses en desarrollo. El voluntariado de Salute e Sviluppo se caracteriza por la b\u00fasqueda de personal altamente motivado y profesionalizado cuya actividad no acabe en una contribuci\u00f3n moment\u00e1nea, sino que sea capaz de transferir conocimientos y habilidades a la poblaci\u00f3n local. <\/p>\n<h3>Educaci\u00f3n para el desarrollo<\/h3>\n<p style=\"text-align: justify;\">Salute e Sviluppo se dedica a campa\u00f1as de educaci\u00f3n para el desarrollo (EAS) y sensibilizaci\u00f3n en el territorio italiano, a trav\u00e9s de la red de voluntarios que trabajan en las oficinas regionales. EAS se lleva a cabo con la participaci\u00f3n de la sociedad civil a todos los niveles: medios de comunicaci\u00f3n, instituciones educativas, asociaciones, empresas. <\/p>\n<h3 style=\"text-align: justify;\">Apoyo a distancia<\/h3>\n<p style=\"text-align: justify;\">Salute e Sviluppo ha activado un programa de apoyo a distancia tanto colectivo como individual.<br \/>\nAs\u00ed, SeS apoya a los ni\u00f1os y sus comunidades en todo el mundo mediante programas centrados en el tratamiento y la prevenci\u00f3n de enfermedades, la salud y la nutrici\u00f3n, la educaci\u00f3n y el desarrollo de los adolescentes.<br \/>\nActualmente, la organizaci\u00f3n centra su ayuda en Kenia y Burkina Faso.<br \/>\nSalute e Sviluppo est\u00e1 inscrita en la lista SaD del Ministerio de Trabajo y Pol\u00edtica Social.<\/p>\n","protected":false},"excerpt":{"rendered":"<p>Proyectos de cooperaci\u00f3n al desarrollo Salud y Desarrollo lleva a cabo proyectos de cooperaci\u00f3n en pa\u00edses en v\u00edas de desarrollo, principalmente en el \u00e1mbito sociosanitario, pero tambi\u00e9n en el socioecon\u00f3mico, educativo y agr\u00edcola. Todas las intervenciones garantizan su propia sostenibilidad y se caracterizan por un enfoque eminentemente educativo. Fomentar el voluntariado internacional Salute e Sviluppo [&hellip;]<\/p>\n","protected":false},"author":2,"featured_media":0,"parent":0,"menu_order":0,"comment_status":"closed","ping_status":"closed","template":"","meta":{"_acf_changed":false,"footnotes":""},"class_list":["post-6372","page","type-page","status-publish","hentry"],"acf":[],"jetpack_sharing_enabled":true,"_links":{"self":[{"href":"https:\/\/salutesviluppo.org\/es\/wp-json\/wp\/v2\/pages\/6372","targetHints":{"allow":["GET"]}}],"collection":[{"href":"https:\/\/salutesviluppo.org\/es\/wp-json\/wp\/v2\/pages"}],"about":[{"href":"https:\/\/salutesviluppo.org\/es\/wp-json\/wp\/v2\/types\/page"}],"author":[{"embeddable":true,"href":"https:\/\/salutesviluppo.org\/es\/wp-json\/wp\/v2\/users\/2"}],"replies":[{"embeddable":true,"href":"https:\/\/salutesviluppo.org\/es\/wp-json\/wp\/v2\/comments?post=6372"}],"version-history":[{"count":2,"href":"https:\/\/salutesviluppo.org\/es\/wp-json\/wp\/v2\/pages\/6372\/revisions"}],"predecessor-version":[{"id":11555,"href":"https:\/\/salutesviluppo.org\/es\/wp-json\/wp\/v2\/pages\/6372\/revisions\/11555"}],"wp:attachment":[{"href":"https:\/\/salutesviluppo.org\/es\/wp-json\/wp\/v2\/media?parent=6372"}],"curies":[{"name":"wp","href":"https:\/\/api.w.org\/{rel}","templated":true}]}}