{"id":7524,"date":"2015-04-03T14:50:20","date_gmt":"2015-04-03T13:50:20","guid":{"rendered":"https:\/\/www.salutesviluppo.org\/proyectos-realizados-en-asia\/"},"modified":"2024-08-06T14:01:11","modified_gmt":"2024-08-06T13:01:11","slug":"proyectos-realizados-en-asia","status":"publish","type":"page","link":"https:\/\/salutesviluppo.org\/es\/proyectos-realizados-en-asia\/","title":{"rendered":"Proyectos realizados en Asia"},"content":{"rendered":"<p>[vc_row][vc_column width=\u00bb1\/1&#8243;][vc_column_text]<\/p>\n<ul>\n<li><a href=\"http:\/\/www.salutesviluppo.org\/wp-content\/uploads\/2015\/11\/SCHEDA-08.pdf\" target=\"_blank\" rel=\"noopener\">India &#8211; Formaci\u00f3n profesional para adolescentes en el centro de acogida de Snehagram<\/a><\/li>\n<li><a href=\"http:\/\/www.salutesviluppo.org\/wp-content\/uploads\/2020\/03\/SCHEDA-PROGETTO-INDONESIA-MAUMERE6213.pdf\" target=\"_blank\" rel=\"noopener\">Indonesia &#8211; Fomento de la inclusi\u00f3n de personas con discapacidades mentales en la ciudad de Maumere<\/a><\/li>\n<li><a href=\"http:\/\/www.salutesviluppo.org\/wp-content\/uploads\/2015\/11\/ViHealthNam.-Favoriamo-lo-sviluppo-della-popolazione-vietnamita-Vietnam.pdf\" target=\"_blank\" rel=\"noopener\">Vietnam &#8211; ViHealthNam. Promover el desarrollo del pueblo vietnamita<\/a><\/li>\n<li><a href=\"http:\/\/www.salutesviluppo.org\/images\/pdf\/2008-007_birmania.pdf\">Birmania &#8211; Ayuda a las v\u00edctimas del cicl\u00f3n<\/a><\/li>\n<li><a href=\"http:\/\/www.salutesviluppo.org\/images\/pdf\/45_2012_myanmar.pdf\" target=\"_blank\" rel=\"noopener\">Myanmar (antes Birmania) &#8211; Formaci\u00f3n profesional para ni\u00f1as en Yedwingone<\/a><\/li>\n<li><a href=\"http:\/\/www.salutesviluppo.org\/images\/pdf\/2006-004_Cina_Liaoning.pdf\">China &#8211; Becas en Liaoning<\/a><\/li>\n<li><a href=\"http:\/\/www.salutesviluppo.org\/images\/pdf\/47_cinacalbayong.pdf\" target=\"_blank\" rel=\"noopener\">Filipinas &#8211; Fortalecimiento del centro de ayuda<\/a><\/li>\n<li><a href=\"http:\/\/www.salutesviluppo.org\/images\/pdf\/48_filippineaetastarlac.pdf\" target=\"_blank\" rel=\"noopener\">Filipinas &#8211; Salute e Sviluppo &#8211; para la comunidad tribal de los Aetas<\/a><\/li>\n<\/ul>\n<p>[\/vc_column_text][\/vc_column][\/vc_row]<\/p>\n","protected":false},"excerpt":{"rendered":"<p>[vc_row][vc_column width=\u00bb1\/1&#8243;][vc_column_text] India &#8211; Formaci\u00f3n profesional para adolescentes en el centro de acogida de Snehagram Indonesia &#8211; Fomento de la inclusi\u00f3n de personas con discapacidades mentales en la ciudad de Maumere Vietnam &#8211; ViHealthNam. Promover el desarrollo del pueblo vietnamita Birmania &#8211; Ayuda a las v\u00edctimas del cicl\u00f3n Myanmar (antes Birmania) &#8211; Formaci\u00f3n profesional para [&hellip;]<\/p>\n","protected":false},"author":2,"featured_media":0,"parent":0,"menu_order":0,"comment_status":"closed","ping_status":"closed","template":"","meta":{"_acf_changed":false,"footnotes":""},"class_list":["post-7524","page","type-page","status-publish","hentry"],"acf":[],"jetpack_sharing_enabled":true,"_links":{"self":[{"href":"https:\/\/salutesviluppo.org\/es\/wp-json\/wp\/v2\/pages\/7524","targetHints":{"allow":["GET"]}}],"collection":[{"href":"https:\/\/salutesviluppo.org\/es\/wp-json\/wp\/v2\/pages"}],"about":[{"href":"https:\/\/salutesviluppo.org\/es\/wp-json\/wp\/v2\/types\/page"}],"author":[{"embeddable":true,"href":"https:\/\/salutesviluppo.org\/es\/wp-json\/wp\/v2\/users\/2"}],"replies":[{"embeddable":true,"href":"https:\/\/salutesviluppo.org\/es\/wp-json\/wp\/v2\/comments?post=7524"}],"version-history":[{"count":1,"href":"https:\/\/salutesviluppo.org\/es\/wp-json\/wp\/v2\/pages\/7524\/revisions"}],"predecessor-version":[{"id":10296,"href":"https:\/\/salutesviluppo.org\/es\/wp-json\/wp\/v2\/pages\/7524\/revisions\/10296"}],"wp:attachment":[{"href":"https:\/\/salutesviluppo.org\/es\/wp-json\/wp\/v2\/media?parent=7524"}],"curies":[{"name":"wp","href":"https:\/\/api.w.org\/{rel}","templated":true}]}}