{"id":7644,"date":"2014-05-09T13:14:33","date_gmt":"2014-05-09T12:14:33","guid":{"rendered":"https:\/\/www.salutesviluppo.org\/voluntariado-en-italia\/"},"modified":"2024-08-06T14:00:57","modified_gmt":"2024-08-06T13:00:57","slug":"voluntariado-en-italia","status":"publish","type":"page","link":"https:\/\/salutesviluppo.org\/es\/voluntariado-en-italia\/","title":{"rendered":"Voluntariado en Italia"},"content":{"rendered":"<p>[vc_row][vc_column width=\u00bb1\/1&#8243;][vc_column_text]<\/p>\n<p style=\"text-align: justify;\"><strong>Salute e Sviluppo ofrece la posibilidad de cooperar voluntariamente con la asociaci\u00f3n. La cooperaci\u00f3n al desarrollo y, en particular, el trabajo de las ONG es un campo profesional y especializado, pero el Voluntario puede realizar algunas actividades de apoyo:<\/strong><\/p>\n<p>&nbsp;<\/p>\n<h3 style=\"text-align: justify;\">Educaci\u00f3n para el desarrollo<\/h3>\n<p>&nbsp;<\/p>\n<p style=\"text-align: justify;\">El voluntario puede convertirse en el puente para las actividades de sensibilizaci\u00f3n de la sociedad civil. Salute e Sviluppo est\u00e1 siempre disponible para reunirse con asociaciones, escuelas, parroquias, empresas, etc. para celebrar reuniones de formaci\u00f3n sobre pa\u00edses en desarrollo e intervenciones de cooperaci\u00f3n. A veces son los propios voluntarios los que crean y gestionan los contactos para estas actividades cruciales.<\/p>\n<p>&nbsp;<\/p>\n<h3 style=\"text-align: justify;\">Recaudaci\u00f3n de fondos<\/h3>\n<p>&nbsp;<\/p>\n<p style=\"text-align: justify;\">Los voluntarios pueden dedicarse a buscar financiaci\u00f3n y apoyo para un proyecto concreto al que se sientan cercanos o especialmente sensibles.<\/p>\n<p>&nbsp;<\/p>\n<h3 style=\"text-align: justify;\">Experiencia en el mundo de la cooperaci\u00f3n<\/h3>\n<p>&nbsp;<\/p>\n<p style=\"text-align: justify;\">Salute e Sviluppo ofrece a los j\u00f3venes interesados en el mundo de la cooperaci\u00f3n la posibilidad de adquirir experiencia en la sede, ofreciendo la posibilidad de adquirir experiencia laboral en el tercer sector, a menudo por primera vez.<\/p>\n<p>[\/vc_column_text][\/vc_column][\/vc_row][vc_row][vc_column width=\u00bb1\/1&#8243;][vc_column_text]<\/p>\n<p style=\"text-align: justify;\">Trabajar en Italia, en la retaguardia, es un compromiso que requiere una gran motivaci\u00f3n, ya que el voluntario no tendr\u00e1 una conexi\u00f3n humana inmediata. Sin embargo, una buena contribuci\u00f3n en Italia podr\u00eda suponer una gran ayuda para la poblaci\u00f3n del Sur.<\/p>\n<p><em>Todos los interesados pueden enviar su CV a esta direcci\u00f3n: <strong>info@salutesviluppo@org<\/strong><\/em>[\/vc_column_text][\/vc_column][\/vc_row]<\/p>\n","protected":false},"excerpt":{"rendered":"<p>[vc_row][vc_column width=\u00bb1\/1&#8243;][vc_column_text] Salute e Sviluppo ofrece la posibilidad de cooperar voluntariamente con la asociaci\u00f3n. La cooperaci\u00f3n al desarrollo y, en particular, el trabajo de las ONG es un campo profesional y especializado, pero el Voluntario puede realizar algunas actividades de apoyo: &nbsp; Educaci\u00f3n para el desarrollo &nbsp; El voluntario puede convertirse en el puente para [&hellip;]<\/p>\n","protected":false},"author":2,"featured_media":0,"parent":0,"menu_order":0,"comment_status":"closed","ping_status":"closed","template":"","meta":{"_acf_changed":false,"footnotes":""},"class_list":["post-7644","page","type-page","status-publish","hentry"],"acf":[],"jetpack_sharing_enabled":true,"_links":{"self":[{"href":"https:\/\/salutesviluppo.org\/es\/wp-json\/wp\/v2\/pages\/7644","targetHints":{"allow":["GET"]}}],"collection":[{"href":"https:\/\/salutesviluppo.org\/es\/wp-json\/wp\/v2\/pages"}],"about":[{"href":"https:\/\/salutesviluppo.org\/es\/wp-json\/wp\/v2\/types\/page"}],"author":[{"embeddable":true,"href":"https:\/\/salutesviluppo.org\/es\/wp-json\/wp\/v2\/users\/2"}],"replies":[{"embeddable":true,"href":"https:\/\/salutesviluppo.org\/es\/wp-json\/wp\/v2\/comments?post=7644"}],"version-history":[{"count":1,"href":"https:\/\/salutesviluppo.org\/es\/wp-json\/wp\/v2\/pages\/7644\/revisions"}],"predecessor-version":[{"id":10235,"href":"https:\/\/salutesviluppo.org\/es\/wp-json\/wp\/v2\/pages\/7644\/revisions\/10235"}],"wp:attachment":[{"href":"https:\/\/salutesviluppo.org\/es\/wp-json\/wp\/v2\/media?parent=7644"}],"curies":[{"name":"wp","href":"https:\/\/api.w.org\/{rel}","templated":true}]}}