{"id":1585,"date":"2019-08-14T08:20:22","date_gmt":"2019-08-14T07:20:22","guid":{"rendered":"https:\/\/89.148.181.23\/salsvi\/organizzazione\/"},"modified":"2025-05-05T09:21:19","modified_gmt":"2025-05-05T08:21:19","slug":"lorganisation","status":"publish","type":"page","link":"https:\/\/salutesviluppo.org\/fr\/lorganisation\/","title":{"rendered":"L&rsquo;organisation"},"content":{"rendered":"<p><img decoding=\"async\" src=\"\/salsvi\/wp-content\/uploads\/2024\/03\/IMG_2703-scaled.jpg\" alt=\"\"><img loading=\"lazy\" decoding=\"async\" class=\"aligncenter\" src=\"https:\/\/salutesviluppo.org\/wp-content\/themes\/yootheme\/cache\/b7\/IMG_2703-scaled-b7efb01e.jpeg\" alt=\"\" width=\"1394\" height=\"930\"><\/p>\n<div>\n<p><strong>Salute e Sviluppo <\/strong>(SeS) est une association ETS (Ente Terzo Settore) fond\u00e9e en 1996 et reconnue comme organisation non gouvernementale par le minist\u00e8re des Affaires \u00e9trang\u00e8res en 2003. Elle est inscrite sur la liste des OSC de l&rsquo;Agence italienne pour la coop\u00e9ration au d\u00e9veloppement (AICS). Elle est inscrite sur la liste des OSC de l&rsquo;Agence italienne pour la coop\u00e9ration au d\u00e9veloppement (AICS). <\/p>\n<p>Le SeS travaille aux c\u00f4t\u00e9s des Camilliens en s&rsquo;inspirant de la grande humanit\u00e9 de Saint Camillus envers les malades, les pauvres et les n\u00e9cessiteux. <a href=\"https:\/\/www.camilliani.org\/\"><strong>Les Camilliens <\/strong><\/a>sont un ordre religieux hospitalier fond\u00e9 en 1582 qui \u0153uvre dans plus de 40 pays \u00e0 travers le monde.<\/p>\n<p>Le SeS vise \u00e0 am\u00e9liorer les conditions de sant\u00e9 des populations des pays en d\u00e9veloppement et \u00e0 contribuer \u00e0 leur croissance et \u00e0 leur autonomie.<\/p>\n<p>Elle promeut des projets en <strong>Afrique<\/strong>, en <strong>Asie <\/strong>et en <strong>Am\u00e9rique latine<\/strong>, dans le domaine socio-m\u00e9dical et dans le domaine du d\u00e9veloppement humain avec des d\u00e9l\u00e9gations de l&rsquo;Ordre hospitalier de Saint Camillus et d&rsquo;autres institutions.<\/p>\n<p>Elle construit des h\u00f4pitaux, des \u00e9coles et des aqueducs et met en \u0153uvre des projets de d\u00e9veloppement pour la production alimentaire et l&rsquo;\u00e9levage.<\/p>\n<p>En <strong>Italie<\/strong>, Salute e Sviluppo informe et sensibilise aux questions li\u00e9es \u00e0 l&rsquo;\u00e9ducation mondiale.<\/p>\n<p>Notre <strong>VISION<\/strong> est<em>\u00ab\u00a0un monde o\u00f9 tous les \u00eatres humains ont la possibilit\u00e9 de vivre en bonne sant\u00e9, dans le bien-\u00eatre et l&rsquo;ind\u00e9pendance \u00e9conomique, dans un contexte de paix, de respect des droits de l&rsquo;homme et de dialogue interculturel<\/em>\u00ab\u00a0.<\/p>\n<p>Notre <strong>MISSION<\/strong> est \u00ab\u00a0d&rsquo;<em>am\u00e9liorer les conditions de vie de chaque individu, en particulier des plus vuln\u00e9rables (enfants et femmes), en promouvant des processus de d\u00e9veloppement \u00e9quitables et durables dans l&rsquo;acc\u00e8s aux services de sant\u00e9 et d&rsquo;\u00e9ducation, ainsi que l&rsquo;autonomisation sociale et \u00e9conomique\u00a0\u00bb.<\/em><\/p>\n<\/div>\n<p><img decoding=\"async\" src=\"\/salsvi\/wp-content\/uploads\/2024\/03\/Immagine_pagina-chi-siamo.jpg\" alt=\"\"><\/p>\n<p><!--more--><\/p>\n","protected":false},"excerpt":{"rendered":"<p>Salute e Sviluppo (SeS) est une association ETS (Ente Terzo Settore) fond\u00e9e en 1996 et reconnue comme organisation non gouvernementale par le minist\u00e8re des Affaires \u00e9trang\u00e8res en 2003. Elle est inscrite sur la liste des OSC de l&rsquo;Agence italienne pour la coop\u00e9ration au d\u00e9veloppement (AICS). Elle est inscrite sur la liste des OSC de l&rsquo;Agence [&hellip;]<\/p>\n","protected":false},"author":1,"featured_media":2080,"parent":0,"menu_order":1,"comment_status":"open","ping_status":"closed","template":"","meta":{"_acf_changed":false,"footnotes":""},"class_list":["post-1585","page","type-page","status-publish","has-post-thumbnail","hentry"],"acf":[],"jetpack_sharing_enabled":true,"_links":{"self":[{"href":"https:\/\/salutesviluppo.org\/fr\/wp-json\/wp\/v2\/pages\/1585","targetHints":{"allow":["GET"]}}],"collection":[{"href":"https:\/\/salutesviluppo.org\/fr\/wp-json\/wp\/v2\/pages"}],"about":[{"href":"https:\/\/salutesviluppo.org\/fr\/wp-json\/wp\/v2\/types\/page"}],"author":[{"embeddable":true,"href":"https:\/\/salutesviluppo.org\/fr\/wp-json\/wp\/v2\/users\/1"}],"replies":[{"embeddable":true,"href":"https:\/\/salutesviluppo.org\/fr\/wp-json\/wp\/v2\/comments?post=1585"}],"version-history":[{"count":5,"href":"https:\/\/salutesviluppo.org\/fr\/wp-json\/wp\/v2\/pages\/1585\/revisions"}],"predecessor-version":[{"id":11730,"href":"https:\/\/salutesviluppo.org\/fr\/wp-json\/wp\/v2\/pages\/1585\/revisions\/11730"}],"wp:featuredmedia":[{"embeddable":true,"href":"https:\/\/salutesviluppo.org\/fr\/wp-json\/wp\/v2\/media\/2080"}],"wp:attachment":[{"href":"https:\/\/salutesviluppo.org\/fr\/wp-json\/wp\/v2\/media?parent=1585"}],"curies":[{"name":"wp","href":"https:\/\/api.w.org\/{rel}","templated":true}]}}