{"id":1597,"date":"2019-08-14T08:20:22","date_gmt":"2019-08-14T07:20:22","guid":{"rendered":"https:\/\/89.148.181.23\/salsvi\/statuto-e-codice-etico\/"},"modified":"2025-05-02T11:27:27","modified_gmt":"2025-05-02T10:27:27","slug":"statut-et-code-dethique","status":"publish","type":"page","link":"https:\/\/salutesviluppo.org\/fr\/statut-et-code-dethique\/","title":{"rendered":"Statut et code d&rsquo;\u00e9thique"},"content":{"rendered":"<p><img decoding=\"async\" src=\"\/wp-content\/uploads\/2024\/03\/IMG_2703-scaled.jpg\" alt=\"\"><\/p>\n<h1>Statut et code de d\u00e9ontologie<\/h1>\n<div>\n<p>Dans cette section, vous pouvez consulter nos nouvelles <a href=\"https:\/\/salutesviluppo.org\/wp-content\/uploads\/2025\/01\/STATUTO-SeS_17ottobre2024_IN-VIGORE-con-RUNTS.pdf\" target=\"_blank\" rel=\"noopener\">Statuto<\/a>, approuv\u00e9 le 17 octobre 2024 par l&rsquo;Assembl\u00e9e extraordinaire de l&rsquo;Association et entr\u00e9 en vigueur le 8 janvier 2025.<\/p>\n<p>\u00c9galement disponible est <a href=\"https:\/\/salutesviluppo.org\/wp-content\/uploads\/2021\/07\/Codice-etico-e-di-comportamento-SeS.pdf\">Code d&rsquo;\u00e9thique et de conduite<\/a> approuv\u00e9 par l&rsquo;Assembl\u00e9e Ordinaire Annuelle des membres de l&rsquo;Association le 11 juin 2021.<\/p>\n<\/div>\n<p><!--more--><br \/>\n<!-- {\"type\":\"layout\",\"children\":[{\"name\":\"Hero sezione Chi Siamo\",\"type\":\"section\",\"props\":{\"image_fixed\":false,\"image_position\":\"center-center\",\"padding\":\"none\",\"style\":\"default\",\"text_color\":\"light\",\"title_breakpoint\":\"xl\",\"title_position\":\"top-left\",\"title_rotation\":\"left\",\"vertical_align\":\"middle\",\"width\":\"\"},\"children\":[{\"type\":\"row\",\"children\":[{\"type\":\"column\",\"props\":{\"image_position\":\"center-center\",\"position_sticky_breakpoint\":\"m\",\"width_medium\":\"1-1\"},\"children\":[{\"type\":\"image\",\"props\":{\"image\":\"wp-content\\\/uploads\\\/2024\\\/03\\\/IMG_2703-scaled.jpg\",\"image_loading\":true,\"image_svg_color\":\"emphasis\",\"image_width\":\"2560\",\"margin\":\"default\"}}]}]}]},{\"name\":\"Layout contenuto pagina\",\"type\":\"section\",\"props\":{\"image_position\":\"center-center\",\"image_size\":\"cover\",\"padding_remove_bottom\":false,\"style\":\"default\",\"title_breakpoint\":\"xl\",\"title_position\":\"top-left\",\"title_rotation\":\"left\",\"vertical_align\":\"middle\",\"width\":\"default\"},\"children\":[{\"type\":\"row\",\"props\":{\"column_gap\":\"large\",\"margin\":\"large\",\"row_gap\":\"large\"},\"children\":[{\"type\":\"column\",\"props\":{\"image_position\":\"center-center\",\"position_sticky_breakpoint\":\"m\"},\"children\":[{\"type\":\"headline\",\"props\":{\"content\":\"Statut et code de d\\u00e9ontologie\",\"title_decoration\":\"line\",\"title_element\":\"h1\",\"title_style\":\"h2\"}},{\"type\":\"text\",\"props\":{\"column_breakpoint\":\"m\",\"content\":\"\n\n<p>Dans cette section, vous pouvez consulter nos nouvelles <a href=\\\"https:\\\/\\\/salutesviluppo.org\\\/wp-content\\\/uploads\\\/2025\\\/01\\\/STATUTO-SeS_17ottobre2024_IN-VIGORE-con-RUNTS.pdf\\\" target=\\\"_blank\\\" rel=\\\"noopener\\\">Statuto<\\\/a>, approuv\\u00e9 le 17 octobre 2024 par l'Assembl\\u00e9e extraordinaire de l'Association et entr\\u00e9 en vigueur le 8 janvier 2025.<\\\/p>\\n\n\n<p>\\u00c9galement disponible est <a href=\\\"https:\\\/\\\/salutesviluppo.org\\\/wp-content\\\/uploads\\\/2021\\\/07\\\/Codice-etico-e-di-comportamento-SeS.pdf\\\">Code d'\\u00e9thique et de conduite<\\\/a> approuv\\u00e9 par l'Assembl\\u00e9e Ordinaire Annuelle des membres de l'Association le 11 juin 2021.<\\\/p>\",\"margin\":\"default\"}}]}]}]}],\"version\":\"4.3.6\"} --><\/p>\n","protected":false},"excerpt":{"rendered":"<p>Statut et code de d\u00e9ontologie Dans cette section, vous pouvez consulter nos nouvelles Statuto, approuv\u00e9 le 17 octobre 2024 par l&rsquo;Assembl\u00e9e extraordinaire de l&rsquo;Association et entr\u00e9 en vigueur le 8 janvier 2025. \u00c9galement disponible est Code d&rsquo;\u00e9thique et de conduite approuv\u00e9 par l&rsquo;Assembl\u00e9e Ordinaire Annuelle des membres de l&rsquo;Association le 11 juin 2021.<\/p>\n","protected":false},"author":1,"featured_media":0,"parent":0,"menu_order":1,"comment_status":"open","ping_status":"closed","template":"","meta":{"_acf_changed":false,"footnotes":""},"class_list":["post-1597","page","type-page","status-publish","hentry"],"acf":[],"jetpack_sharing_enabled":true,"_links":{"self":[{"href":"https:\/\/salutesviluppo.org\/fr\/wp-json\/wp\/v2\/pages\/1597","targetHints":{"allow":["GET"]}}],"collection":[{"href":"https:\/\/salutesviluppo.org\/fr\/wp-json\/wp\/v2\/pages"}],"about":[{"href":"https:\/\/salutesviluppo.org\/fr\/wp-json\/wp\/v2\/types\/page"}],"author":[{"embeddable":true,"href":"https:\/\/salutesviluppo.org\/fr\/wp-json\/wp\/v2\/users\/1"}],"replies":[{"embeddable":true,"href":"https:\/\/salutesviluppo.org\/fr\/wp-json\/wp\/v2\/comments?post=1597"}],"version-history":[{"count":5,"href":"https:\/\/salutesviluppo.org\/fr\/wp-json\/wp\/v2\/pages\/1597\/revisions"}],"predecessor-version":[{"id":11725,"href":"https:\/\/salutesviluppo.org\/fr\/wp-json\/wp\/v2\/pages\/1597\/revisions\/11725"}],"wp:attachment":[{"href":"https:\/\/salutesviluppo.org\/fr\/wp-json\/wp\/v2\/media?parent=1597"}],"curies":[{"name":"wp","href":"https:\/\/api.w.org\/{rel}","templated":true}]}}