{"id":1629,"date":"2019-08-14T08:20:22","date_gmt":"2019-08-14T07:20:22","guid":{"rendered":"https:\/\/89.148.181.23\/salsvi\/come-aiutarci\/"},"modified":"2025-05-05T10:53:30","modified_gmt":"2025-05-05T09:53:30","slug":"comment-nous-aider","status":"publish","type":"page","link":"https:\/\/salutesviluppo.org\/fr\/comment-nous-aider\/","title":{"rendered":"Comment nous aider"},"content":{"rendered":"<p><img decoding=\"async\" src=\"\/salsvi\/wp-content\/uploads\/2024\/03\/DSC04553-scaled.jpg\" alt=\"\" \/><img loading=\"lazy\" decoding=\"async\" class=\"wp-image-2208 aligncenter\" src=\"https:\/\/salutesviluppo.org\/wp-content\/uploads\/2024\/03\/DSC04553-300x200.jpg\" alt=\"\" width=\"860\" height=\"573\" srcset=\"https:\/\/salutesviluppo.org\/wp-content\/uploads\/2024\/03\/DSC04553-300x200.jpg 300w, https:\/\/salutesviluppo.org\/wp-content\/uploads\/2024\/03\/DSC04553-1024x681.jpg 1024w, https:\/\/salutesviluppo.org\/wp-content\/uploads\/2024\/03\/DSC04553-768x511.jpg 768w, https:\/\/salutesviluppo.org\/wp-content\/uploads\/2024\/03\/DSC04553-1536x1022.jpg 1536w, https:\/\/salutesviluppo.org\/wp-content\/uploads\/2024\/03\/DSC04553-2048x1363.jpg 2048w\" sizes=\"auto, (max-width: 860px) 100vw, 860px\" \/><\/p>\n<h1>Comment vous pouvez nous aider<\/h1>\n<div>\n<p>Saviez-vous que m\u00eame si vous avez une entreprise, vous pouvez faire un don \u00e0 Salute e Sviluppo?<\/p>\n<\/div>\n<h1>Avantages fiscaux<\/h1>\n<div>\n<h2>Votre don b\u00e9n\u00e9ficie d&rsquo;avantages fiscaux !<\/h2>\n<p>Tous les dons \u00e0 la Sant\u00e9 et au D\u00e9veloppement b\u00e9n\u00e9ficient d&rsquo;avantages fiscaux, il vous suffit de choisir de d\u00e9duire ou de d\u00e9duire le montant donn\u00e9. \u00c9tant donn\u00e9 que Salute e Sviluppo est \u00e0 la fois une ONG \u2013 Organisation Non Gouvernementale (http:\/\/www.cooperazioneallosviluppo.esteri.it\/pdgcs\/italiano\/Partner\/ONG\/ONG.asp) \u2013 et une ONLUS \u2013 Organisation \u00e0 but non lucratif d\u2019utilit\u00e9 sociale (art. 10, paragraphe 8, du d\u00e9cret l\u00e9gislatif 460\/1197) \u2013 la personne physique ou morale qui fait un don peut d\u00e9cider librement du traitement fiscal dont elle souhaite b\u00e9n\u00e9ficier.<br \/>\nSelon la l\u00e9gislation appliqu\u00e9e au don, les prestations pr\u00e9vues sont en effet diff\u00e9rentes.<\/p>\n<h2>\u00cates-vous une personne physique ?<\/h2>\n<p>Vous avez deux options en fonction de la r\u00e9glementation appliqu\u00e9e aux dons faits aux organismes sans but lucratif.<\/p>\n<p>Choisissez si :<\/p>\n<ul>\n<li>D\u00e9duisez 30 % du montant du don de l&rsquo;imp\u00f4t brut, dans la limite de 30 000 euros<br \/>\n(art. 83, paragraphe 1 du d\u00e9cret l\u00e9gislatif 117) ;Detrarre dall\u2019imposta lorda il 30% dell\u2019importo donato, fino ad un massimo di 30.000 euro<br \/>\n(art. 83, comma 1 del D. Lgs 117);<\/li>\n<li>Ou d\u00e9duisez de vos revenus les dons, en esp\u00e8ces ou en nature, pour un montant n&rsquo;exc\u00e9dant pas<br \/>\n10% du revenu total d\u00e9clar\u00e9 et, dans tous les cas, jusqu&rsquo;\u00e0 un maximum de 70 000,00 euros<br \/>\nannuellement (art. 83, paragraphe 2 du d\u00e9cret l\u00e9gislatif 117\/17).<\/li>\n<\/ul>\n<p>Si le montant \u00e0 d\u00e9duire est sup\u00e9rieur au revenu total moins les autres d\u00e9ductions, l&rsquo;exc\u00e9dent<br \/>\npeut \u00eatre calcul\u00e9 dans les ann\u00e9es suivantes jusqu&rsquo;au 4e<br \/>\n(art. 83, paragraphe 2 D\u00e9cret l\u00e9gislatif 117, 3 juillet 2017).<\/p>\n<h2>Alternativement<\/h2>\n<p>Selon le r\u00e9gime fiscal appliqu\u00e9 aux dons aux ONG, vous avez une autre option :<\/p>\n<ul>\n<li>D\u00e9duisez les dons de vos revenus pour un montant ne d\u00e9passant pas 2 % de votre revenu total d\u00e9clar\u00e9<br \/>\n(art. 10, paragraphe 1 lettre g du d\u00e9cret pr\u00e9sidentiel 917\/86).<\/li>\n<\/ul>\n<p>Si vous ne savez pas quelle solution vous convient le mieux, contactez votre conseiller de confiance ou votre CAF.<\/p>\n<h2>Etes-vous une entreprise ?<\/h2>\n<p>Ensuite, vous pouvez :<\/p>\n<ul>\n<li>Dedurre dal reddito le donazioni per un importo non superiore a 30.000,00 euro o al 2% del<br \/>\nreddito d\u2019impresa dichiarato (art.100, comma 2 lettera h del D.P.R. 917\/86);<\/li>\n<li>Ou d\u00e9duire du revenu les dons, en esp\u00e8ces ou en nature, pour un montant n&rsquo;exc\u00e9dant pas 10 %<br \/>\ndu revenu total d\u00e9clar\u00e9 et dans tous les cas jusqu&rsquo;\u00e0 un maximum de 70 000,00 euros par an<br \/>\n(art. 83, paragraphe 2 du d\u00e9cret l\u00e9gislatif 117\/17).<\/li>\n<\/ul>\n<p>Si le montant \u00e0 d\u00e9duire est sup\u00e9rieur au revenu total moins les autres d\u00e9ductions, l&rsquo;exc\u00e9dent<br \/>\nelle peut \u00eatre calcul\u00e9e dans les ann\u00e9es suivantes jusqu&rsquo;\u00e0 la 4\u00e8me (art. 83, paragraphe 2 D\u00e9cret l\u00e9gislatif 117, du 3 juillet 2017).<\/p>\n<h2>Que vous soyez un particulier ou une entreprise, n&rsquo;oubliez pas de conserver :<\/h2>\n<ul>\n<li>Le re\u00e7u de paiement, dans le cas de dons effectu\u00e9s par mandat postal ;<\/li>\n<li>Votre relev\u00e9 de carte de cr\u00e9dit, pour les dons par carte de cr\u00e9dit ;<\/li>\n<li>Le relev\u00e9 de votre compte courant (bancaire ou postal), en cas de virement bancaire ou de pr\u00e9l\u00e8vement automatique.<\/li>\n<\/ul>\n<p><strong>N.B.<\/strong> Les all\u00e9gements fiscaux ne peuvent pas \u00eatre cumul\u00e9s entre eux. Les dons en esp\u00e8ces ne donnent droit \u00e0 aucun all\u00e8gement.<\/p>\n<\/div>\n<p><!--more--><\/p>\n","protected":false},"excerpt":{"rendered":"<p>Comment vous pouvez nous aider Saviez-vous que m\u00eame si vous avez une entreprise, vous pouvez faire un don \u00e0 Salute e Sviluppo? Avantages fiscaux Votre don b\u00e9n\u00e9ficie d&rsquo;avantages fiscaux ! Tous les dons \u00e0 la Sant\u00e9 et au D\u00e9veloppement b\u00e9n\u00e9ficient d&rsquo;avantages fiscaux, il vous suffit de choisir de d\u00e9duire ou de d\u00e9duire le montant donn\u00e9. [&hellip;]<\/p>\n","protected":false},"author":1,"featured_media":0,"parent":0,"menu_order":1,"comment_status":"open","ping_status":"closed","template":"","meta":{"_acf_changed":false,"footnotes":""},"class_list":["post-1629","page","type-page","status-publish","hentry"],"acf":[],"jetpack_sharing_enabled":true,"_links":{"self":[{"href":"https:\/\/salutesviluppo.org\/fr\/wp-json\/wp\/v2\/pages\/1629","targetHints":{"allow":["GET"]}}],"collection":[{"href":"https:\/\/salutesviluppo.org\/fr\/wp-json\/wp\/v2\/pages"}],"about":[{"href":"https:\/\/salutesviluppo.org\/fr\/wp-json\/wp\/v2\/types\/page"}],"author":[{"embeddable":true,"href":"https:\/\/salutesviluppo.org\/fr\/wp-json\/wp\/v2\/users\/1"}],"replies":[{"embeddable":true,"href":"https:\/\/salutesviluppo.org\/fr\/wp-json\/wp\/v2\/comments?post=1629"}],"version-history":[{"count":3,"href":"https:\/\/salutesviluppo.org\/fr\/wp-json\/wp\/v2\/pages\/1629\/revisions"}],"predecessor-version":[{"id":11750,"href":"https:\/\/salutesviluppo.org\/fr\/wp-json\/wp\/v2\/pages\/1629\/revisions\/11750"}],"wp:attachment":[{"href":"https:\/\/salutesviluppo.org\/fr\/wp-json\/wp\/v2\/media?parent=1629"}],"curies":[{"name":"wp","href":"https:\/\/api.w.org\/{rel}","templated":true}]}}