{"id":6369,"date":"2014-05-07T14:03:57","date_gmt":"2014-05-07T13:03:57","guid":{"rendered":"https:\/\/www.salutesviluppo.org\/domaines-dintervention\/"},"modified":"2025-04-22T12:19:18","modified_gmt":"2025-04-22T11:19:18","slug":"domaines-dintervention","status":"publish","type":"page","link":"https:\/\/salutesviluppo.org\/fr\/domaines-dintervention\/","title":{"rendered":"Domaines d&rsquo;intervention"},"content":{"rendered":"<h3>Projets de coop\u00e9ration au d\u00e9veloppement<\/h3>\n<p style=\"text-align: justify;\">Sant\u00e9 et D\u00e9veloppement r\u00e9alise des projets de coop\u00e9ration dans les pays en d\u00e9veloppement, principalement dans le domaine socio-sanitaire, mais aussi dans les domaines socio-\u00e9conomique, \u00e9ducatif et agricole. Toutes les interventions garantissent leur durabilit\u00e9 et se caract\u00e9risent par une approche hautement \u00e9ducative. <\/p>\n<h3>Promouvoir le volontariat international<\/h3>\n<p style=\"text-align: justify;\">Salute e Sviluppo s\u00e9lectionne, forme et envoie des volontaires pour des missions et des projets dans les pays en d\u00e9veloppement. Le travail b\u00e9n\u00e9vole de Salute e Sviluppo se caract\u00e9rise par la recherche de personnel hautement motiv\u00e9 et professionnalis\u00e9, dont l&rsquo;activit\u00e9 ne se limite pas \u00e0 une contribution momentan\u00e9e, mais qui est capable de transf\u00e9rer des connaissances et des comp\u00e9tences \u00e0 la population locale. <\/p>\n<h3>\u00c9ducation au d\u00e9veloppement<\/h3>\n<p style=\"text-align: justify;\">Sant\u00e9 et d\u00e9veloppement et s&rsquo;engage dans des campagnes d&rsquo;\u00e9ducation au d\u00e9veloppement (EAS) et de sensibilisation sur le territoire italien, \u00e0 travers le r\u00e9seau de volontaires travaillant dans les bureaux r\u00e9gionaux. Les campagnes d&rsquo;\u00e9ducation au d\u00e9veloppement sont men\u00e9es avec la participation de la soci\u00e9t\u00e9 civile \u00e0 tous les niveaux : m\u00e9dias, \u00e9tablissements d&rsquo;enseignement, associations, entreprises. <\/p>\n<h3 style=\"text-align: justify;\">Soutien \u00e0 distance<\/h3>\n<p style=\"text-align: justify;\">Health and Development a mis en place un programme d&rsquo;aide \u00e0 distance \u00e0 la fois collectif et individuel.<br \/>\nSeS soutient donc les enfants et leurs communaut\u00e9s dans le monde entier par le biais de programmes ax\u00e9s sur le traitement et la pr\u00e9vention des maladies, la sant\u00e9 et la nutrition, l&rsquo;\u00e9ducation et le d\u00e9veloppement des adolescents.<br \/>\nL&rsquo;organisation concentre actuellement son aide sur le Kenya et le Burkina Faso.<br \/>\nHealth and Development est inscrite sur la liste SaD du minist\u00e8re du Travail et des Politiques sociales.<\/p>\n","protected":false},"excerpt":{"rendered":"<p>Projets de coop\u00e9ration au d\u00e9veloppement Sant\u00e9 et D\u00e9veloppement r\u00e9alise des projets de coop\u00e9ration dans les pays en d\u00e9veloppement, principalement dans le domaine socio-sanitaire, mais aussi dans les domaines socio-\u00e9conomique, \u00e9ducatif et agricole. Toutes les interventions garantissent leur durabilit\u00e9 et se caract\u00e9risent par une approche hautement \u00e9ducative. Promouvoir le volontariat international Salute e Sviluppo s\u00e9lectionne, forme [&hellip;]<\/p>\n","protected":false},"author":2,"featured_media":0,"parent":0,"menu_order":0,"comment_status":"closed","ping_status":"closed","template":"","meta":{"_acf_changed":false,"footnotes":""},"class_list":["post-6369","page","type-page","status-publish","hentry"],"acf":[],"jetpack_sharing_enabled":true,"_links":{"self":[{"href":"https:\/\/salutesviluppo.org\/fr\/wp-json\/wp\/v2\/pages\/6369","targetHints":{"allow":["GET"]}}],"collection":[{"href":"https:\/\/salutesviluppo.org\/fr\/wp-json\/wp\/v2\/pages"}],"about":[{"href":"https:\/\/salutesviluppo.org\/fr\/wp-json\/wp\/v2\/types\/page"}],"author":[{"embeddable":true,"href":"https:\/\/salutesviluppo.org\/fr\/wp-json\/wp\/v2\/users\/2"}],"replies":[{"embeddable":true,"href":"https:\/\/salutesviluppo.org\/fr\/wp-json\/wp\/v2\/comments?post=6369"}],"version-history":[{"count":2,"href":"https:\/\/salutesviluppo.org\/fr\/wp-json\/wp\/v2\/pages\/6369\/revisions"}],"predecessor-version":[{"id":11553,"href":"https:\/\/salutesviluppo.org\/fr\/wp-json\/wp\/v2\/pages\/6369\/revisions\/11553"}],"wp:attachment":[{"href":"https:\/\/salutesviluppo.org\/fr\/wp-json\/wp\/v2\/media?parent=6369"}],"curies":[{"name":"wp","href":"https:\/\/api.w.org\/{rel}","templated":true}]}}