{"id":6686,"date":"2015-04-03T15:33:03","date_gmt":"2015-04-03T14:33:03","guid":{"rendered":"https:\/\/www.salutesviluppo.org\/devenir-un-partenaire\/"},"modified":"2024-08-06T14:01:20","modified_gmt":"2024-08-06T13:01:20","slug":"devenir-un-partenaire","status":"publish","type":"page","link":"https:\/\/salutesviluppo.org\/fr\/devenir-un-partenaire\/","title":{"rendered":"Devenir un partenaire"},"content":{"rendered":"<p>[vc_row][vc_column width=\u00a0\u00bb1\/1&Prime;][vc_column_text][vc_row][vc_column width=\u00a0\u00bb1\/1&Prime;][vc_column_text]Choisissez de devenir notre partenaire! Contactez-nous et nous trouverons la meilleure solution pour permettre \u00e0 votre entreprise de s&rsquo;engager sur la voie de la responsabilit\u00e9 sociale.<br \/>\nOutre la responsabilit\u00e9 \u00e9conomique, il existe \u00e9galement une responsabilit\u00e9 sociale des entreprises, qui cr\u00e9e des valeurs tangibles et intangibles pour tout ce qui entoure l&rsquo;entreprise. Des valeurs gagnantes pour l&rsquo;entreprise, pour les personnes, pour le territoire et pour l&rsquo;environnement.<br \/>\nUn partenariat avec Salute e Sviluppo offre de nouvelles possibilit\u00e9s en mati\u00e8re d&rsquo;image, de marque et de marketing. Cr\u00e9ez de la valeur ajout\u00e9e en impliquant vos employ\u00e9s, vos clients et vos consommateurs, des partenaires commerciaux qui partagent votre engagement humanitaire.<\/p>\n<p>&nbsp;<\/p>\n<h2><strong>Sponsorisation et co-branding<\/strong><\/h2>\n<p>Le sponsoring est une forme de partenariat d&rsquo;entreprise visant \u00e0 soutenir &#8211; par un don d&rsquo;argent &#8211; un projet, un \u00e9v\u00e9nement, une activit\u00e9 afin de sensibiliser aux questions de coop\u00e9ration internationale et de collecter des fonds pour soutenir des projets de sant\u00e9 et de d\u00e9veloppement dans le monde.<br \/>\nUne action de co-branding, c&rsquo;est-\u00e0-dire de \u00ab\u00a0partage de la marque\u00a0\u00bb, permettra \u00e0 la marque de l&rsquo;entreprise sponsor de travailler aux c\u00f4t\u00e9s de Salute e Sviluppo pour promouvoir des \u00e9v\u00e9nements ou soutenir des projets, ce qui g\u00e9n\u00e9rera de la valeur et renforcera la marque de l&rsquo;entreprise en termes de communication et de responsabilit\u00e9 sociale.<\/p>\n<p>&nbsp;<\/p>\n<h2>Cause Related Marketing (CRM)<\/h2>\n<p>Cause Related Marketing est le r\u00e9sultat d&rsquo;un partenariat entre l&rsquo;entreprise et Salute e Sviluppo, afin de soutenir les projets de SeS dans le monde, tout en s&rsquo;enrichissant mutuellement. Il s&rsquo;agit d&rsquo;un outil important de responsabilit\u00e9 sociale des entreprises, qui leur permet de mettre en \u0153uvre leur engagement social. Avec le marketing (CRM) li\u00e9 \u00e0 une cause, l&rsquo;entreprise choisit de soutenir une cause sociale par le biais d&rsquo;un produit, d&rsquo;une ligne de produits ou d&rsquo;un service sp\u00e9cifique, en impliquant ses consommateurs dans ce soutien, qui, en achetant le produit, la ligne de produits ou le service, participent au financement. Quels sont les avantages d&rsquo;une action CRM pour une entreprise? Comp\u00e9titivit\u00e9 accrue sur le march\u00e9, meilleure visibilit\u00e9, motivation accrue des employ\u00e9s, am\u00e9lioration de l&rsquo;image vis-\u00e0-vis des parties prenantes, choix strat\u00e9gique.<\/p>\n<p>&nbsp;<\/p>\n<h2>Implication du personnel<\/h2>\n<p>Renforcez le sentiment de confiance et d&rsquo;appartenance de vos employ\u00e9s en choisissant de les associer \u00e0 la cause sociale que vous d\u00e9fendez. Mobilisez les employ\u00e9s de votre entreprise dans des activit\u00e9s de sensibilisation et de collecte de fonds. Affirmez d&rsquo;abord votre sens de responsabilit\u00e9 sociale et transformez votre contribution en un soutien essentiel \u00e0 l&rsquo;un des projets de Salute e Sviluppo dans le monde.<\/p>\n<h3><a title=\"Avantages fiscaux\" href=\"https:\/\/www.salutesviluppo.org\/benefici-fiscali\/\">Votre don b\u00e9n\u00e9ficie d&rsquo;avantages fiscaux, d\u00e9couvrez comment!<\/a><\/h3>\n<p>[\/vc_column_text][\/vc_column][\/vc_row]<\/p>\n","protected":false},"excerpt":{"rendered":"<p>[vc_row][vc_column width=\u00a0\u00bb1\/1&Prime;][vc_column_text][vc_row][vc_column width=\u00a0\u00bb1\/1&Prime;][vc_column_text]Choisissez de devenir notre partenaire! Contactez-nous et nous trouverons la meilleure solution pour permettre \u00e0 votre entreprise de s&rsquo;engager sur la voie de la responsabilit\u00e9 sociale. Outre la responsabilit\u00e9 \u00e9conomique, il existe \u00e9galement une responsabilit\u00e9 sociale des entreprises, qui cr\u00e9e des valeurs tangibles et intangibles pour tout ce qui entoure l&rsquo;entreprise. Des valeurs [&hellip;]<\/p>\n","protected":false},"author":2,"featured_media":0,"parent":0,"menu_order":0,"comment_status":"closed","ping_status":"closed","template":"","meta":{"_acf_changed":false,"footnotes":""},"class_list":["post-6686","page","type-page","status-publish","hentry"],"acf":[],"jetpack_sharing_enabled":true,"_links":{"self":[{"href":"https:\/\/salutesviluppo.org\/fr\/wp-json\/wp\/v2\/pages\/6686","targetHints":{"allow":["GET"]}}],"collection":[{"href":"https:\/\/salutesviluppo.org\/fr\/wp-json\/wp\/v2\/pages"}],"about":[{"href":"https:\/\/salutesviluppo.org\/fr\/wp-json\/wp\/v2\/types\/page"}],"author":[{"embeddable":true,"href":"https:\/\/salutesviluppo.org\/fr\/wp-json\/wp\/v2\/users\/2"}],"replies":[{"embeddable":true,"href":"https:\/\/salutesviluppo.org\/fr\/wp-json\/wp\/v2\/comments?post=6686"}],"version-history":[{"count":1,"href":"https:\/\/salutesviluppo.org\/fr\/wp-json\/wp\/v2\/pages\/6686\/revisions"}],"predecessor-version":[{"id":10323,"href":"https:\/\/salutesviluppo.org\/fr\/wp-json\/wp\/v2\/pages\/6686\/revisions\/10323"}],"wp:attachment":[{"href":"https:\/\/salutesviluppo.org\/fr\/wp-json\/wp\/v2\/media?parent=6686"}],"curies":[{"name":"wp","href":"https:\/\/api.w.org\/{rel}","templated":true}]}}