{"id":7637,"date":"2014-05-09T13:14:33","date_gmt":"2014-05-09T12:14:33","guid":{"rendered":"https:\/\/www.salutesviluppo.org\/volontariat-en-italie\/"},"modified":"2024-08-06T14:00:57","modified_gmt":"2024-08-06T13:00:57","slug":"volontariat-en-italie","status":"publish","type":"page","link":"https:\/\/salutesviluppo.org\/fr\/volontariat-en-italie\/","title":{"rendered":"Volontariat en Italie"},"content":{"rendered":"<p>[vc_row][vc_column width=\u00a0\u00bb1\/1&Prime;][vc_column_text]<\/p>\n<p style=\"text-align: justify\"><strong>Salute e Sviluppo offre la possibilit\u00e9 d&rsquo;une coop\u00e9ration volontaire avec l&rsquo;association. La coop\u00e9ration au d\u00e9veloppement et en particulier le travail des ONG est un domaine professionnel et sp\u00e9cialis\u00e9, mais le volontaire peut n\u00e9anmoins s&rsquo;engager dans certaines activit\u00e9s de soutien:<\/strong><\/p>\n<p>&nbsp;<\/p>\n<h3 style=\"text-align: justify\">Education au d\u00e9veloppement<\/h3>\n<p>&nbsp;<\/p>\n<p style=\"text-align: justify\">Le volontaire peut devenir le relais des activit\u00e9s de sensibilisation de la soci\u00e9t\u00e9 civile. est toujours disponible pour rencontrer des associations, des \u00e9coles, des paroisses, des entreprises, etc. pour organiser des sessions de formation sur les pays en d\u00e9veloppement et les interventions de coop\u00e9ration. Ce sont souvent les volontaires eux-m\u00eames qui cr\u00e9ent et g\u00e8rent les contacts pour ces activit\u00e9s cruciales.<\/p>\n<p>&nbsp;<\/p>\n<h3 style=\"text-align: justify\">Collecte de fonds<\/h3>\n<p>&nbsp;<\/p>\n<p style=\"text-align: justify\">Les volontaires peuvent se consacrer \u00e0 la recherche de financement et de soutien pour un projet particulier dont ils se sentent proches ou particuli\u00e8rement sensibles.<\/p>\n<p>&nbsp;<\/p>\n<h3 style=\"text-align: justify\">Exp\u00e9rience dans le monde de la coop\u00e9ration<\/h3>\n<p>&nbsp;<\/p>\n<p style=\"text-align: justify\">Salute e Sviluppo ouvre la possibilit\u00e9 aux jeunes int\u00e9ress\u00e9s par le monde de la coop\u00e9ration d&rsquo;acqu\u00e9rir une exp\u00e9rience au si\u00e8ge, offrant la possibilit\u00e9 d&rsquo;acqu\u00e9rir une exp\u00e9rience professionnelle dans le troisi\u00e8me secteur, souvent pour la premi\u00e8re fois.<\/p>\n<p>[\/vc_column_text][\/vc_column][\/vc_row][vc_row][vc_column width=\u00a0\u00bb1\/1&Prime;][vc_column_text]<\/p>\n<p style=\"text-align: justify\">Travailler en Italie, \u00e0 l&rsquo;arri\u00e8re, est un engagement qui demande une grande motivation car le volontaire n&rsquo;aura pas de lien humain imm\u00e9diat. Cependant, une bonne contribution en Italie pourrait signifier une aide \u00e9norme pour les populations du Sud.<\/p>\n<p><em>Toutes les parties int\u00e9ress\u00e9es peuvent envoyer leur CV \u00e0 cette adresse: <strong>info@salutesviluppo@org<\/strong><\/em>[\/vc_column_text][\/vc_column][\/vc_row]<\/p>\n","protected":false},"excerpt":{"rendered":"<p>[vc_row][vc_column width=\u00a0\u00bb1\/1&Prime;][vc_column_text] Salute e Sviluppo offre la possibilit\u00e9 d&rsquo;une coop\u00e9ration volontaire avec l&rsquo;association. La coop\u00e9ration au d\u00e9veloppement et en particulier le travail des ONG est un domaine professionnel et sp\u00e9cialis\u00e9, mais le volontaire peut n\u00e9anmoins s&rsquo;engager dans certaines activit\u00e9s de soutien: &nbsp; Education au d\u00e9veloppement &nbsp; Le volontaire peut devenir le relais des activit\u00e9s de [&hellip;]<\/p>\n","protected":false},"author":2,"featured_media":0,"parent":0,"menu_order":0,"comment_status":"closed","ping_status":"closed","template":"","meta":{"_acf_changed":false,"footnotes":""},"class_list":["post-7637","page","type-page","status-publish","hentry"],"acf":[],"jetpack_sharing_enabled":true,"_links":{"self":[{"href":"https:\/\/salutesviluppo.org\/fr\/wp-json\/wp\/v2\/pages\/7637","targetHints":{"allow":["GET"]}}],"collection":[{"href":"https:\/\/salutesviluppo.org\/fr\/wp-json\/wp\/v2\/pages"}],"about":[{"href":"https:\/\/salutesviluppo.org\/fr\/wp-json\/wp\/v2\/types\/page"}],"author":[{"embeddable":true,"href":"https:\/\/salutesviluppo.org\/fr\/wp-json\/wp\/v2\/users\/2"}],"replies":[{"embeddable":true,"href":"https:\/\/salutesviluppo.org\/fr\/wp-json\/wp\/v2\/comments?post=7637"}],"version-history":[{"count":1,"href":"https:\/\/salutesviluppo.org\/fr\/wp-json\/wp\/v2\/pages\/7637\/revisions"}],"predecessor-version":[{"id":10234,"href":"https:\/\/salutesviluppo.org\/fr\/wp-json\/wp\/v2\/pages\/7637\/revisions\/10234"}],"wp:attachment":[{"href":"https:\/\/salutesviluppo.org\/fr\/wp-json\/wp\/v2\/media?parent=7637"}],"curies":[{"name":"wp","href":"https:\/\/api.w.org\/{rel}","templated":true}]}}